{"id":3825,"date":"2020-05-26T15:09:21","date_gmt":"2020-05-26T15:09:21","guid":{"rendered":"http:\/\/www.calimera.cl\/renovable\/?page_id=3825"},"modified":"2025-12-17T00:55:21","modified_gmt":"2025-12-17T03:55:21","slug":"servicio-gestion-territorial-catastro-y-servidumbre","status":"publish","type":"page","link":"http:\/\/www.calimera.cl\/renovable\/servicio-gestion-territorial-catastro-y-servidumbre\/","title":{"rendered":"&#8211; Gesti\u00f3n territorial, catastro y servidumbre"},"content":{"rendered":"\t\t<div data-elementor-type=\"wp-page\" data-elementor-id=\"3825\" class=\"elementor elementor-3825\">\n\t\t\t\t\t\t<section class=\"elementor-section-with-custom-width elementor-section elementor-top-section elementor-element elementor-element-91e2e17 elementor-section-boxed elementor-section-height-default elementor-section-height-default sc_fly_static\" data-id=\"91e2e17\" data-element_type=\"section\" data-settings=\"{&quot;background_background&quot;:&quot;classic&quot;}\">\n\t\t\t\t\t\t<div class=\"elementor-container elementor-column-gap-extended\">\n\t\t\t\t\t<div class=\"elementor-column elementor-col-100 elementor-top-column elementor-element elementor-element-0f49a4b sc_content_align_inherit sc_layouts_column_icons_position_left sc_fly_static\" data-id=\"0f49a4b\" data-element_type=\"column\">\n\t\t\t<div class=\"elementor-widget-wrap elementor-element-populated\">\n\t\t\t\t\t\t<div class=\"elementor-element elementor-element-c88068a sc_height_huge sc_fly_static elementor-widget elementor-widget-spacer\" data-id=\"c88068a\" data-element_type=\"widget\" data-widget_type=\"spacer.default\">\n\t\t\t\t<div class=\"elementor-widget-container\">\n\t\t\t\t\t\t\t<div class=\"elementor-spacer\">\n\t\t\t<div class=\"elementor-spacer-inner\"><\/div>\n\t\t<\/div>\n\t\t\t\t\t\t<\/div>\n\t\t\t\t<\/div>\n\t\t\t\t<div class=\"elementor-element elementor-element-f1c7c86 sc_layouts_hide_on_tablet sc_layouts_hide_on_mobile sc_fly_static elementor-widget elementor-widget-spacer\" data-id=\"f1c7c86\" data-element_type=\"widget\" data-widget_type=\"spacer.default\">\n\t\t\t\t<div class=\"elementor-widget-container\">\n\t\t\t\t\t\t\t<div class=\"elementor-spacer\">\n\t\t\t<div class=\"elementor-spacer-inner\"><\/div>\n\t\t<\/div>\n\t\t\t\t\t\t<\/div>\n\t\t\t\t<\/div>\n\t\t\t\t<section class=\"elementor-section-with-custom-width elementor-section elementor-inner-section elementor-element elementor-element-a36bd73 elementor-section-content-top elementor-section-boxed elementor-section-height-default elementor-section-height-default sc_fly_static\" data-id=\"a36bd73\" data-element_type=\"section\">\n\t\t\t\t\t\t<div class=\"elementor-container elementor-column-gap-no\">\n\t\t\t\t\t<div class=\"elementor-column elementor-col-50 elementor-inner-column elementor-element elementor-element-850d09a sc_content_align_inherit sc_layouts_column_icons_position_left sc_fly_static\" data-id=\"850d09a\" data-element_type=\"column\">\n\t\t\t<div class=\"elementor-widget-wrap elementor-element-populated\">\n\t\t\t\t\t\t<div class=\"elementor-element elementor-element-2ed5da1 sc_fly_static elementor-widget elementor-widget-trx_sc_title\" data-id=\"2ed5da1\" data-element_type=\"widget\" data-widget_type=\"trx_sc_title.default\">\n\t\t\t\t<div class=\"elementor-widget-container\">\n\t\t\t\t\t<div\t\tclass=\"sc_title sc_title_accent\" ><span class=\"sc_item_subtitle sc_title_subtitle sc_item_subtitle_above sc_item_title_style_accent\">Gesti\u00f3n territorial, catrastro y servidumbre<\/span><h1 class=\"sc_item_title sc_title_title sc_item_title_style_accent sc_item_title_tag trx_addons_inline_847432917\"\n\t\t\t><span class=\"sc_item_title_text\">\u00bfQu\u00e9 hacemos?<\/span><\/h1><\/div>\t\t\t\t<\/div>\n\t\t\t\t<\/div>\n\t\t\t\t<div class=\"elementor-element elementor-element-4378bdb sc_fly_static elementor-widget elementor-widget-text-editor\" data-id=\"4378bdb\" data-element_type=\"widget\" data-widget_type=\"text-editor.default\">\n\t\t\t\t<div class=\"elementor-widget-container\">\n\t\t\t\t\t\t\t\t\t<p>Aseguramos la viabilidad territorial de su proyecto desde las primeras etapas. Realizamos catastros georreferenciados de derechos, identificaci\u00f3n de propietarios, valorizaciones e indemnizaciones, y gestionamos servidumbres, concesiones el\u00e9ctricas y negociaciones con propietarios y comunidades de usuarios. Nuestro enfoque reduce conflictos, entrega certeza jur\u00eddica y acelera la toma de decisiones cr\u00edticas para el desarrollo del proyecto.<\/p>\t\t\t\t\t\t\t\t<\/div>\n\t\t\t\t<\/div>\n\t\t\t\t\t<\/div>\n\t\t<\/div>\n\t\t\t\t<div class=\"elementor-column elementor-col-50 elementor-inner-column elementor-element elementor-element-14a9c37 sc_content_align_inherit sc_layouts_column_icons_position_left sc_fly_static\" data-id=\"14a9c37\" data-element_type=\"column\">\n\t\t\t<div class=\"elementor-widget-wrap elementor-element-populated\">\n\t\t\t\t\t\t<div class=\"elementor-element elementor-element-05d1a1a sc_fly_static elementor-widget elementor-widget-trx_sc_icons\" data-id=\"05d1a1a\" data-element_type=\"widget\" data-widget_type=\"trx_sc_icons.default\">\n\t\t\t\t<div class=\"elementor-widget-container\">\n\t\t\t\t\t<div \tclass=\"sc_icons sc_icons_decoration sc_icons_size_small sc_align_center\" ><div class=\"sc_icons_item\"><div class=\"sc_icons_icon sc_icon_type_ icon-contract\" ><span class=\"sc_icon_type_ icon-contract\"><\/span><\/div><div class=\"sc_icons_item_details\"><h4 class=\"sc_icons_item_title\"><span>Catastro Superficial de Derechos<\/span><\/h4><div class=\"sc_icons_item_description\"><span>Realizamos un levantamiento exhaustivo y georreferenciado de todos los derechos de propiedad, posesiones y terceros que existan sobre el terreno de inter\u00e9s para su proyecto<\/span><\/div><\/div><\/div><\/div><!-- \/.sc_icons -->\t\t\t\t<\/div>\n\t\t\t\t<\/div>\n\t\t\t\t\t<\/div>\n\t\t<\/div>\n\t\t\t\t\t<\/div>\n\t\t<\/section>\n\t\t\t\t<div class=\"elementor-element elementor-element-e9d0a00 sc_fly_static elementor-widget elementor-widget-spacer\" data-id=\"e9d0a00\" data-element_type=\"widget\" data-widget_type=\"spacer.default\">\n\t\t\t\t<div class=\"elementor-widget-container\">\n\t\t\t\t\t\t\t<div class=\"elementor-spacer\">\n\t\t\t<div class=\"elementor-spacer-inner\"><\/div>\n\t\t<\/div>\n\t\t\t\t\t\t<\/div>\n\t\t\t\t<\/div>\n\t\t\t\t<div class=\"elementor-element elementor-element-3a724fd sc_layouts_hide_on_tablet sc_layouts_hide_on_mobile sc_fly_static elementor-widget elementor-widget-spacer\" data-id=\"3a724fd\" data-element_type=\"widget\" data-widget_type=\"spacer.default\">\n\t\t\t\t<div class=\"elementor-widget-container\">\n\t\t\t\t\t\t\t<div class=\"elementor-spacer\">\n\t\t\t<div class=\"elementor-spacer-inner\"><\/div>\n\t\t<\/div>\n\t\t\t\t\t\t<\/div>\n\t\t\t\t<\/div>\n\t\t\t\t<div class=\"elementor-element elementor-element-4a61bfc sc_fly_static elementor-widget elementor-widget-trx_sc_icons\" data-id=\"4a61bfc\" data-element_type=\"widget\" data-widget_type=\"trx_sc_icons.default\">\n\t\t\t\t<div class=\"elementor-widget-container\">\n\t\t\t\t\t<div \tclass=\"sc_icons sc_icons_decoration sc_icons_size_medium sc_align_center\" ><div class=\"sc_icons_columns_wrap sc_item_columns trx_addons_columns_wrap columns_padding_bottom columns_in_single_row\" ><div class=\"trx_addons_column-1_3 trx_addons_column-1_2-tablet\"><div class=\"sc_icons_item\"><div class=\"sc_icons_icon sc_icon_type_ icon-thumbs-up-light\" ><span class=\"sc_icon_type_ icon-thumbs-up-light\"><\/span><\/div><div class=\"sc_icons_item_details\"><h4 class=\"sc_icons_item_title\"><span>Servidumbres Voluntarias<\/span><\/h4><div class=\"sc_icons_item_description\"><span>Le asistimos en todo el proceso de constituci\u00f3n de servidumbres voluntarias, un mecanismo eficiente para el uso de un terreno sin necesidad de adquirir la propiedad<\/span><\/div><\/div><\/div><\/div><div class=\"trx_addons_column-1_3 trx_addons_column-1_2-tablet\"><div class=\"sc_icons_item sc_icons_item_linked\"><div class=\"sc_icons_icon sc_icon_type_ icon-light\" ><span class=\"sc_icon_type_ icon-light\"><\/span><\/div><div class=\"sc_icons_item_details\"><h4 class=\"sc_icons_item_title\"><a href=\"http:\/\/www.calimera.cl\/renovable\/services\/maintenance\/\">\n                                    Concesiones El\u00e9ctricas                                    <\/a><\/h4><div class=\"sc_icons_item_description\"><span>Gestionamos la obtenci\u00f3n de Concesiones El\u00e9ctricas ante el Ministerio de Bienes Nacionales para el tendido de l\u00edneas de transmisi\u00f3n y distribuci\u00f3n. <\/span><\/div><a href=\"http:\/\/www.calimera.cl\/renovable\/services\/maintenance\/\"\n                        class=\"sc_icons_item_link\">\n                        <\/a><\/div><\/div><\/div><div class=\"trx_addons_column-1_3 trx_addons_column-1_2-tablet\"><div class=\"sc_icons_item\"><div class=\"sc_icons_icon sc_icon_type_ icon-home-alt\" ><span class=\"sc_icon_type_ icon-home-alt\"><\/span><\/div><div class=\"sc_icons_item_details\"><h4 class=\"sc_icons_item_title\"><span>Identificaci\u00f3n de Propietarios<\/span><\/h4><div class=\"sc_icons_item_description\"><span>Localizamos y determinamos fehacientemente la identidad de los titulares legales de los predios afectados por su proyecto. Combinamos investigaci\u00f3n en registros p\u00fablicos <\/span><\/div><\/div><\/div><\/div><\/div><\/div><!-- \/.sc_icons -->\t\t\t\t<\/div>\n\t\t\t\t<\/div>\n\t\t\t\t<div class=\"elementor-element elementor-element-0c5e741 sc_height_small sc_fly_static elementor-widget elementor-widget-spacer\" data-id=\"0c5e741\" data-element_type=\"widget\" data-widget_type=\"spacer.default\">\n\t\t\t\t<div class=\"elementor-widget-container\">\n\t\t\t\t\t\t\t<div class=\"elementor-spacer\">\n\t\t\t<div class=\"elementor-spacer-inner\"><\/div>\n\t\t<\/div>\n\t\t\t\t\t\t<\/div>\n\t\t\t\t<\/div>\n\t\t\t\t<div class=\"elementor-element elementor-element-d38e469 sc_fly_static elementor-widget elementor-widget-trx_sc_icons\" data-id=\"d38e469\" data-element_type=\"widget\" data-widget_type=\"trx_sc_icons.default\">\n\t\t\t\t<div class=\"elementor-widget-container\">\n\t\t\t\t\t<div \tclass=\"sc_icons sc_icons_decoration sc_icons_size_medium sc_align_center\" ><div class=\"sc_icons_columns_wrap sc_item_columns trx_addons_columns_wrap columns_padding_bottom columns_in_single_row\" ><div class=\"trx_addons_column-1_3 trx_addons_column-1_2-tablet\"><div class=\"sc_icons_item\"><div class=\"sc_icons_icon sc_icon_type_ icon-money-light\" ><span class=\"sc_icon_type_ icon-money-light\"><\/span><\/div><div class=\"sc_icons_item_details\"><h4 class=\"sc_icons_item_title\"><span>Valorizaci\u00f3n e Indemnizaci\u00f3n<\/span><\/h4><div class=\"sc_icons_item_description\"><span>Elaboramos aval\u00faos t\u00e9cnicos y estudios de valorizaci\u00f3n justos y objetivos, fundamentados en criterios de mercado y metodolog\u00edas reconocidas, para determinar el monto de las indemnizaciones por afectaci\u00f3n de predios<\/span><\/div><\/div><\/div><\/div><div class=\"trx_addons_column-1_3 trx_addons_column-1_2-tablet\"><div class=\"sc_icons_item\"><div class=\"sc_icons_icon sc_icon_type_ icon-employee\" ><span class=\"sc_icon_type_ icon-employee\"><\/span><\/div><div class=\"sc_icons_item_details\"><h4 class=\"sc_icons_item_title\"><span>Negociaci\u00f3n con Propietarios y Comunidades de Usuarios (CUOs)<\/span><\/h4><div class=\"sc_icons_item_description\"><span>Actuamos como su interlocutor profesional en las negociaciones con propietarios y Comunidades de Usuarios de Agua (CUOs). Implementamos estrategias de relacionamiento basadas en el di\u00e1logo transparente, el respeto y la b\u00fasqueda de acuerdos de mutuo beneficio<\/span><\/div><\/div><\/div><\/div><div class=\"trx_addons_column-1_3 trx_addons_column-1_2-tablet\"><div class=\"sc_icons_item\"><div class=\"sc_icons_icon sc_icon_type_ icon-doc-text\" ><span class=\"sc_icon_type_ icon-doc-text\"><\/span><\/div><div class=\"sc_icons_item_details\"><h4 class=\"sc_icons_item_title\"><span>Levantamiento de Interferencias<\/span><\/h4><div class=\"sc_icons_item_description\"><span>Ejecutamos un diagn\u00f3stico detallado en campo para identificar y cartografiar todas las interferencias f\u00edsicas, sociales y legales en el trazado de su proyecto (como tuber\u00edas, cables, caminos, construcciones, sitios de valor patrimonial o \u00e1reas de uso comunitario)<\/span><\/div><\/div><\/div><\/div><\/div><\/div><!-- \/.sc_icons -->\t\t\t\t<\/div>\n\t\t\t\t<\/div>\n\t\t\t\t<div class=\"elementor-element elementor-element-48dc76e sc_layouts_hide_on_tablet sc_layouts_hide_on_mobile sc_fly_static elementor-widget elementor-widget-spacer\" data-id=\"48dc76e\" data-element_type=\"widget\" data-widget_type=\"spacer.default\">\n\t\t\t\t<div class=\"elementor-widget-container\">\n\t\t\t\t\t\t\t<div class=\"elementor-spacer\">\n\t\t\t<div class=\"elementor-spacer-inner\"><\/div>\n\t\t<\/div>\n\t\t\t\t\t\t<\/div>\n\t\t\t\t<\/div>\n\t\t\t\t<div class=\"elementor-element elementor-element-2cbf12c sc_height_huge sc_fly_static elementor-widget elementor-widget-spacer\" data-id=\"2cbf12c\" data-element_type=\"widget\" data-widget_type=\"spacer.default\">\n\t\t\t\t<div class=\"elementor-widget-container\">\n\t\t\t\t\t\t\t<div class=\"elementor-spacer\">\n\t\t\t<div class=\"elementor-spacer-inner\"><\/div>\n\t\t<\/div>\n\t\t\t\t\t\t<\/div>\n\t\t\t\t<\/div>\n\t\t\t\t\t<\/div>\n\t\t<\/div>\n\t\t\t\t\t<\/div>\n\t\t<\/section>\n\t\t\t\t<\/div>\n\t\t","protected":false},"excerpt":{"rendered":"<p>Gesti\u00f3n territorial, catrastro y servidumbre \u00bfQu\u00e9 hacemos? Aseguramos la viabilidad territorial de su proyecto desde las primeras etapas. Realizamos catastros georreferenciados de derechos, identificaci\u00f3n de propietarios, valorizaciones e indemnizaciones, y&hellip;<\/p>\n","protected":false},"author":1,"featured_media":0,"parent":0,"menu_order":0,"comment_status":"closed","ping_status":"closed","template":"","meta":{"footnotes":""},"class_list":["post-3825","page","type-page","status-publish","hentry"],"_links":{"self":[{"href":"http:\/\/www.calimera.cl\/renovable\/wp-json\/wp\/v2\/pages\/3825","targetHints":{"allow":["GET"]}}],"collection":[{"href":"http:\/\/www.calimera.cl\/renovable\/wp-json\/wp\/v2\/pages"}],"about":[{"href":"http:\/\/www.calimera.cl\/renovable\/wp-json\/wp\/v2\/types\/page"}],"author":[{"embeddable":true,"href":"http:\/\/www.calimera.cl\/renovable\/wp-json\/wp\/v2\/users\/1"}],"replies":[{"embeddable":true,"href":"http:\/\/www.calimera.cl\/renovable\/wp-json\/wp\/v2\/comments?post=3825"}],"version-history":[{"count":47,"href":"http:\/\/www.calimera.cl\/renovable\/wp-json\/wp\/v2\/pages\/3825\/revisions"}],"predecessor-version":[{"id":25005,"href":"http:\/\/www.calimera.cl\/renovable\/wp-json\/wp\/v2\/pages\/3825\/revisions\/25005"}],"wp:attachment":[{"href":"http:\/\/www.calimera.cl\/renovable\/wp-json\/wp\/v2\/media?parent=3825"}],"curies":[{"name":"wp","href":"https:\/\/api.w.org\/{rel}","templated":true}]}}