{"id":24512,"date":"2025-12-15T08:32:30","date_gmt":"2025-12-15T11:32:30","guid":{"rendered":"http:\/\/www.calimera.cl\/renovable\/?page_id=24512"},"modified":"2025-12-17T01:00:15","modified_gmt":"2025-12-17T04:00:15","slug":"servicio-desarrollo-y-gestion-integral-de-proyectos","status":"publish","type":"page","link":"http:\/\/www.calimera.cl\/renovable\/servicio-desarrollo-y-gestion-integral-de-proyectos\/","title":{"rendered":"&#8211; Desarrollo y gesti\u00f3n integral de proyectos"},"content":{"rendered":"\t\t<div data-elementor-type=\"wp-page\" data-elementor-id=\"24512\" class=\"elementor elementor-24512\">\n\t\t\t\t\t\t<section class=\"elementor-section-with-custom-width elementor-section elementor-top-section elementor-element elementor-element-91e2e17 elementor-section-boxed elementor-section-height-default elementor-section-height-default sc_fly_static\" data-id=\"91e2e17\" data-element_type=\"section\" data-settings=\"{&quot;background_background&quot;:&quot;classic&quot;}\">\n\t\t\t\t\t\t<div class=\"elementor-container elementor-column-gap-extended\">\n\t\t\t\t\t<div class=\"elementor-column elementor-col-100 elementor-top-column elementor-element elementor-element-0f49a4b sc_content_align_inherit sc_layouts_column_icons_position_left sc_fly_static\" data-id=\"0f49a4b\" data-element_type=\"column\">\n\t\t\t<div class=\"elementor-widget-wrap elementor-element-populated\">\n\t\t\t\t\t\t<div class=\"elementor-element elementor-element-c88068a sc_height_huge sc_fly_static elementor-widget elementor-widget-spacer\" data-id=\"c88068a\" data-element_type=\"widget\" data-widget_type=\"spacer.default\">\n\t\t\t\t<div class=\"elementor-widget-container\">\n\t\t\t\t\t\t\t<div class=\"elementor-spacer\">\n\t\t\t<div class=\"elementor-spacer-inner\"><\/div>\n\t\t<\/div>\n\t\t\t\t\t\t<\/div>\n\t\t\t\t<\/div>\n\t\t\t\t<div class=\"elementor-element elementor-element-f1c7c86 sc_layouts_hide_on_tablet sc_layouts_hide_on_mobile sc_fly_static elementor-widget elementor-widget-spacer\" data-id=\"f1c7c86\" data-element_type=\"widget\" data-widget_type=\"spacer.default\">\n\t\t\t\t<div class=\"elementor-widget-container\">\n\t\t\t\t\t\t\t<div class=\"elementor-spacer\">\n\t\t\t<div class=\"elementor-spacer-inner\"><\/div>\n\t\t<\/div>\n\t\t\t\t\t\t<\/div>\n\t\t\t\t<\/div>\n\t\t\t\t<section class=\"elementor-section-with-custom-width elementor-section elementor-inner-section elementor-element elementor-element-a36bd73 elementor-section-content-top elementor-section-boxed elementor-section-height-default elementor-section-height-default sc_fly_static\" data-id=\"a36bd73\" data-element_type=\"section\">\n\t\t\t\t\t\t<div class=\"elementor-container elementor-column-gap-no\">\n\t\t\t\t\t<div class=\"elementor-column elementor-col-50 elementor-inner-column elementor-element elementor-element-850d09a sc_content_align_inherit sc_layouts_column_icons_position_left sc_fly_static\" data-id=\"850d09a\" data-element_type=\"column\">\n\t\t\t<div class=\"elementor-widget-wrap elementor-element-populated\">\n\t\t\t\t\t\t<div class=\"elementor-element elementor-element-2ed5da1 sc_fly_static elementor-widget elementor-widget-trx_sc_title\" data-id=\"2ed5da1\" data-element_type=\"widget\" data-widget_type=\"trx_sc_title.default\">\n\t\t\t\t<div class=\"elementor-widget-container\">\n\t\t\t\t\t<div\t\tclass=\"sc_title sc_title_accent\" ><span class=\"sc_item_subtitle sc_title_subtitle sc_item_subtitle_above sc_item_title_style_accent\">Desarrollo y Gesti\u00f3n Integral de Proyectos<\/span><h1 class=\"sc_item_title sc_title_title sc_item_title_style_accent sc_item_title_tag trx_addons_inline_1211970835\"\n\t\t\t><span class=\"sc_item_title_text\">\u00bfQu\u00e9 hacemos?<\/span><\/h1><\/div>\t\t\t\t<\/div>\n\t\t\t\t<\/div>\n\t\t\t\t<div class=\"elementor-element elementor-element-4378bdb sc_fly_static elementor-widget elementor-widget-text-editor\" data-id=\"4378bdb\" data-element_type=\"widget\" data-widget_type=\"text-editor.default\">\n\t\t\t\t<div class=\"elementor-widget-container\">\n\t\t\t\t\t\t\t\t\t<p>Gestionamos integralmente la\u00a0<b>fase cr\u00edtica de desarrollo<\/b>\u00a0de su proyecto, desde la concepci\u00f3n hasta la obtenci\u00f3n de la Resoluci\u00f3n de Calificaci\u00f3n Ambiental (RCA) y permisos clave. Actuamos como su brazo t\u00e9cnico-extendido, coordinando todas las disciplinas (ambientales, ingenier\u00edas, legales, sociales) bajo un cronograma y presupuesto \u00fanico. Nuestro enfoque proactivo asegura que los hitos de prefactibilidad, estudios de impacto, permisos sectoriales y relacionamiento temprano se alcancen eficientemente, mitigando riesgos y agregando valor para preparar el proyecto para su financiamiento y construcci\u00f3n.<\/p>\t\t\t\t\t\t\t\t<\/div>\n\t\t\t\t<\/div>\n\t\t\t\t\t<\/div>\n\t\t<\/div>\n\t\t\t\t<div class=\"elementor-column elementor-col-50 elementor-inner-column elementor-element elementor-element-14a9c37 sc_content_align_inherit sc_layouts_column_icons_position_left sc_fly_static\" data-id=\"14a9c37\" data-element_type=\"column\">\n\t\t\t<div class=\"elementor-widget-wrap elementor-element-populated\">\n\t\t\t\t\t\t<div class=\"elementor-element elementor-element-05d1a1a sc_fly_static elementor-widget elementor-widget-trx_sc_icons\" data-id=\"05d1a1a\" data-element_type=\"widget\" data-widget_type=\"trx_sc_icons.default\">\n\t\t\t\t<div class=\"elementor-widget-container\">\n\t\t\t\t\t<div \tclass=\"sc_icons sc_icons_decoration sc_icons_size_medium sc_align_center\" ><div class=\"sc_icons_item\"><div class=\"sc_icons_icon sc_icon_type_ icon-clipboard\" ><span class=\"sc_icon_type_ icon-clipboard\"><\/span><\/div><div class=\"sc_icons_item_details\"><h4 class=\"sc_icons_item_title\"><span>Plan de Desarrollo de Proyectos<\/span><\/h4><div class=\"sc_icons_item_description\"><span>Dise\u00f1amos y estructuramos el\u00a0plan maestro\u00a0que define la ruta cr\u00edtica desde la concepci\u00f3n hasta la materializaci\u00f3n de su proyecto. Integramos todos los componentes t\u00e9cnicos, ambientales, legales, sociales y econ\u00f3micos en una estrategia coherente, con hitos, dependencias y responsabilidades claramente asignadas<\/span><\/div><\/div><\/div><\/div><!-- \/.sc_icons -->\t\t\t\t<\/div>\n\t\t\t\t<\/div>\n\t\t\t\t\t<\/div>\n\t\t<\/div>\n\t\t\t\t\t<\/div>\n\t\t<\/section>\n\t\t\t\t<div class=\"elementor-element elementor-element-e9d0a00 sc_fly_static elementor-widget elementor-widget-spacer\" data-id=\"e9d0a00\" data-element_type=\"widget\" data-widget_type=\"spacer.default\">\n\t\t\t\t<div class=\"elementor-widget-container\">\n\t\t\t\t\t\t\t<div class=\"elementor-spacer\">\n\t\t\t<div class=\"elementor-spacer-inner\"><\/div>\n\t\t<\/div>\n\t\t\t\t\t\t<\/div>\n\t\t\t\t<\/div>\n\t\t\t\t<div class=\"elementor-element elementor-element-3a724fd sc_layouts_hide_on_tablet sc_layouts_hide_on_mobile sc_fly_static elementor-widget elementor-widget-spacer\" data-id=\"3a724fd\" data-element_type=\"widget\" data-widget_type=\"spacer.default\">\n\t\t\t\t<div class=\"elementor-widget-container\">\n\t\t\t\t\t\t\t<div class=\"elementor-spacer\">\n\t\t\t<div class=\"elementor-spacer-inner\"><\/div>\n\t\t<\/div>\n\t\t\t\t\t\t<\/div>\n\t\t\t\t<\/div>\n\t\t\t\t<div class=\"elementor-element elementor-element-4a61bfc sc_fly_static elementor-widget elementor-widget-trx_sc_icons\" data-id=\"4a61bfc\" data-element_type=\"widget\" data-widget_type=\"trx_sc_icons.default\">\n\t\t\t\t<div class=\"elementor-widget-container\">\n\t\t\t\t\t<div \tclass=\"sc_icons sc_icons_decoration sc_icons_size_medium sc_align_center\" ><div class=\"sc_icons_columns_wrap sc_item_columns trx_addons_columns_wrap columns_padding_bottom columns_in_single_row\" ><div class=\"trx_addons_column-1_3 trx_addons_column-1_2-tablet\"><div class=\"sc_icons_item\"><div class=\"sc_icons_icon sc_icon_type_ icon-portfolio\" ><span class=\"sc_icon_type_ icon-portfolio\"><\/span><\/div><div class=\"sc_icons_item_details\"><h4 class=\"sc_icons_item_title\"><span>Creaci\u00f3n de Portafolio de Proyectos<\/span><\/h4><div class=\"sc_icons_item_description\"><span>Desarrollamos y estructuramos\u00a0portafolios de proyectos\u00a0estrat\u00e9gicos y coherentes para empresas, fondos de inversi\u00f3n o corporaciones. Evaluamos y priorizamos oportunidades en el mercado, aline\u00e1ndolas con sus objetivos de crecimiento<\/span><\/div><\/div><\/div><\/div><div class=\"trx_addons_column-1_3 trx_addons_column-1_2-tablet\"><div class=\"sc_icons_item\"><div class=\"sc_icons_icon sc_icon_type_ icon-checkbox\" ><span class=\"sc_icon_type_ icon-checkbox\"><\/span><\/div><div class=\"sc_icons_item_details\"><h4 class=\"sc_icons_item_title\"><span>Due Diligence T\u00e9cnico<\/span><\/h4><div class=\"sc_icons_item_description\"><span>Realizamos una\u00a0evaluaci\u00f3n exhaustiva y profunda\u00a0de la factibilidad t\u00e9cnica, constructiva y operacional de un proyecto o activo. M\u00e1s all\u00e1 del cumplimiento ambiental, analizamos dise\u00f1os de ingenier\u00eda, condiciones de sitio, tecnolog\u00eda propuesta, cronogramas realistas, costos de CAPEX\/OPEX <\/span><\/div><\/div><\/div><\/div><div class=\"trx_addons_column-1_3 trx_addons_column-1_2-tablet\"><div class=\"sc_icons_item\"><div class=\"sc_icons_icon sc_icon_type_ icon-steam\" ><span class=\"sc_icon_type_ icon-steam\"><\/span><\/div><div class=\"sc_icons_item_details\"><h4 class=\"sc_icons_item_title\"><span>Recomendaciones T\u00e9cnicas para Negociaciones de APA<\/span><\/h4><div class=\"sc_icons_item_description\"><span>Proveemos\u00a0asesor\u00eda t\u00e9cnica especializada\u00a0para la negociaci\u00f3n de Acuerdos de Producci\u00f3n Anual, comunes en sectores regulados como energ\u00eda. Analizamos curvas de generaci\u00f3n, perfiles de recurso, garant\u00edas t\u00e9cnicas, esquemas de pago y cl\u00e1usulas de penalidad.<\/span><\/div><\/div><\/div><\/div><\/div><\/div><!-- \/.sc_icons -->\t\t\t\t<\/div>\n\t\t\t\t<\/div>\n\t\t\t\t<div class=\"elementor-element elementor-element-0c5e741 sc_height_small sc_fly_static elementor-widget elementor-widget-spacer\" data-id=\"0c5e741\" data-element_type=\"widget\" data-widget_type=\"spacer.default\">\n\t\t\t\t<div class=\"elementor-widget-container\">\n\t\t\t\t\t\t\t<div class=\"elementor-spacer\">\n\t\t\t<div class=\"elementor-spacer-inner\"><\/div>\n\t\t<\/div>\n\t\t\t\t\t\t<\/div>\n\t\t\t\t<\/div>\n\t\t\t\t<div class=\"elementor-element elementor-element-d38e469 sc_fly_static elementor-widget elementor-widget-trx_sc_icons\" data-id=\"d38e469\" data-element_type=\"widget\" data-widget_type=\"trx_sc_icons.default\">\n\t\t\t\t<div class=\"elementor-widget-container\">\n\t\t\t\t\t<div \tclass=\"sc_icons sc_icons_decoration sc_icons_size_medium sc_align_center\" ><div class=\"sc_icons_columns_wrap sc_item_columns trx_addons_columns_wrap columns_padding_bottom columns_in_single_row\" ><div class=\"trx_addons_column-1_3 trx_addons_column-1_2-tablet\"><div class=\"sc_icons_item\"><div class=\"sc_icons_icon sc_icon_type_ trx_addons_icon-calendar-empty\" ><span class=\"sc_icon_type_ trx_addons_icon-calendar-empty\"><\/span><\/div><div class=\"sc_icons_item_details\"><h4 class=\"sc_icons_item_title\"><span>Generaci\u00f3n de Gantts y Programaci\u00f3n<\/span><\/h4><div class=\"sc_icons_item_description\"><span>Desarrollamos\u00a0cronogramas detallados y din\u00e1micos\u00a0utilizando metodolog\u00edas de programaci\u00f3n profesional (como diagramas de Gantt y ruta cr\u00edtica). Desglosamos el proyecto en fases, actividades y tareas, asignando recursos y definiendo dependencias<\/span><\/div><\/div><\/div><\/div><div class=\"trx_addons_column-1_3 trx_addons_column-1_2-tablet\"><div class=\"sc_icons_item\"><div class=\"sc_icons_icon sc_icon_type_ icon-address\" ><span class=\"sc_icon_type_ icon-address\"><\/span><\/div><div class=\"sc_icons_item_details\"><h4 class=\"sc_icons_item_title\"><span>Control de Riesgos<\/span><\/h4><div class=\"sc_icons_item_description\"><span>Implementamos un\u00a0sistema proactivo de identificaci\u00f3n, evaluaci\u00f3n y gesti\u00f3n de riesgos\u00a0a lo largo de todo el ciclo de vida del proyecto. Utilizamos matrices y metodolog\u00edas estandarizadas para priorizar riesgos t\u00e9cnicos, ambientales, regulatorios, sociales y de mercado<\/span><\/div><\/div><\/div><\/div><div class=\"trx_addons_column-1_3 trx_addons_column-1_2-tablet\"><div class=\"sc_icons_item\"><div class=\"sc_icons_icon sc_icon_type_ icon-money-light\" ><span class=\"sc_icon_type_ icon-money-light\"><\/span><\/div><div class=\"sc_icons_item_details\"><h4 class=\"sc_icons_item_title\"><span>Estimaci\u00f3n de Presupuestos (CAPEX\/OPEX)<\/span><\/h4><div class=\"sc_icons_item_description\"><span>Elaboramos\u00a0estimaciones de costos confiables y fundamentadas\u00a0para las fases de inversi\u00f3n capital (CAPEX) y operaci\u00f3n (OPEX) del proyecto. Nuestros presupuestos se construyen a partir de an\u00e1lisis de ingenier\u00eda b\u00e1sica, cotizaciones de mercado, factores de escala y experiencia hist\u00f3rica<\/span><\/div><\/div><\/div><\/div><\/div><\/div><!-- \/.sc_icons -->\t\t\t\t<\/div>\n\t\t\t\t<\/div>\n\t\t\t\t<div class=\"elementor-element elementor-element-48dc76e sc_layouts_hide_on_tablet sc_layouts_hide_on_mobile sc_fly_static elementor-widget elementor-widget-spacer\" data-id=\"48dc76e\" data-element_type=\"widget\" data-widget_type=\"spacer.default\">\n\t\t\t\t<div class=\"elementor-widget-container\">\n\t\t\t\t\t\t\t<div class=\"elementor-spacer\">\n\t\t\t<div class=\"elementor-spacer-inner\"><\/div>\n\t\t<\/div>\n\t\t\t\t\t\t<\/div>\n\t\t\t\t<\/div>\n\t\t\t\t<div class=\"elementor-element elementor-element-2cbf12c sc_height_huge sc_fly_static elementor-widget elementor-widget-spacer\" data-id=\"2cbf12c\" data-element_type=\"widget\" data-widget_type=\"spacer.default\">\n\t\t\t\t<div class=\"elementor-widget-container\">\n\t\t\t\t\t\t\t<div class=\"elementor-spacer\">\n\t\t\t<div class=\"elementor-spacer-inner\"><\/div>\n\t\t<\/div>\n\t\t\t\t\t\t<\/div>\n\t\t\t\t<\/div>\n\t\t\t\t\t<\/div>\n\t\t<\/div>\n\t\t\t\t\t<\/div>\n\t\t<\/section>\n\t\t\t\t<\/div>\n\t\t","protected":false},"excerpt":{"rendered":"<p>Desarrollo y Gesti\u00f3n Integral de Proyectos \u00bfQu\u00e9 hacemos? Gestionamos integralmente la\u00a0fase cr\u00edtica de desarrollo\u00a0de su proyecto, desde la concepci\u00f3n hasta la obtenci\u00f3n de la Resoluci\u00f3n de Calificaci\u00f3n Ambiental (RCA) y&hellip;<\/p>\n","protected":false},"author":1,"featured_media":0,"parent":0,"menu_order":0,"comment_status":"closed","ping_status":"closed","template":"","meta":{"footnotes":""},"class_list":["post-24512","page","type-page","status-publish","hentry"],"_links":{"self":[{"href":"http:\/\/www.calimera.cl\/renovable\/wp-json\/wp\/v2\/pages\/24512","targetHints":{"allow":["GET"]}}],"collection":[{"href":"http:\/\/www.calimera.cl\/renovable\/wp-json\/wp\/v2\/pages"}],"about":[{"href":"http:\/\/www.calimera.cl\/renovable\/wp-json\/wp\/v2\/types\/page"}],"author":[{"embeddable":true,"href":"http:\/\/www.calimera.cl\/renovable\/wp-json\/wp\/v2\/users\/1"}],"replies":[{"embeddable":true,"href":"http:\/\/www.calimera.cl\/renovable\/wp-json\/wp\/v2\/comments?post=24512"}],"version-history":[{"count":8,"href":"http:\/\/www.calimera.cl\/renovable\/wp-json\/wp\/v2\/pages\/24512\/revisions"}],"predecessor-version":[{"id":25007,"href":"http:\/\/www.calimera.cl\/renovable\/wp-json\/wp\/v2\/pages\/24512\/revisions\/25007"}],"wp:attachment":[{"href":"http:\/\/www.calimera.cl\/renovable\/wp-json\/wp\/v2\/media?parent=24512"}],"curies":[{"name":"wp","href":"https:\/\/api.w.org\/{rel}","templated":true}]}}