{"id":24488,"date":"2025-12-15T08:02:59","date_gmt":"2025-12-15T11:02:59","guid":{"rendered":"http:\/\/www.calimera.cl\/renovable\/?page_id=24488"},"modified":"2025-12-17T00:59:55","modified_gmt":"2025-12-17T03:59:55","slug":"servicio-construccion-puesta-en-marcha-y-om","status":"publish","type":"page","link":"http:\/\/www.calimera.cl\/renovable\/servicio-construccion-puesta-en-marcha-y-om\/","title":{"rendered":"&#8211; Construcci\u00f3n, Puesta en Marcha y O&#038;M"},"content":{"rendered":"\t\t<div data-elementor-type=\"wp-page\" data-elementor-id=\"24488\" class=\"elementor elementor-24488\">\n\t\t\t\t\t\t<section class=\"elementor-section-with-custom-width elementor-section elementor-top-section elementor-element elementor-element-91e2e17 elementor-section-boxed elementor-section-height-default elementor-section-height-default sc_fly_static\" data-id=\"91e2e17\" data-element_type=\"section\" data-settings=\"{&quot;background_background&quot;:&quot;classic&quot;}\">\n\t\t\t\t\t\t<div class=\"elementor-container elementor-column-gap-extended\">\n\t\t\t\t\t<div class=\"elementor-column elementor-col-100 elementor-top-column elementor-element elementor-element-0f49a4b sc_content_align_inherit sc_layouts_column_icons_position_left sc_fly_static\" data-id=\"0f49a4b\" data-element_type=\"column\">\n\t\t\t<div class=\"elementor-widget-wrap elementor-element-populated\">\n\t\t\t\t\t\t<div class=\"elementor-element elementor-element-c88068a sc_height_huge sc_fly_static elementor-widget elementor-widget-spacer\" data-id=\"c88068a\" data-element_type=\"widget\" data-widget_type=\"spacer.default\">\n\t\t\t\t<div class=\"elementor-widget-container\">\n\t\t\t\t\t\t\t<div class=\"elementor-spacer\">\n\t\t\t<div class=\"elementor-spacer-inner\"><\/div>\n\t\t<\/div>\n\t\t\t\t\t\t<\/div>\n\t\t\t\t<\/div>\n\t\t\t\t<div class=\"elementor-element elementor-element-f1c7c86 sc_layouts_hide_on_tablet sc_layouts_hide_on_mobile sc_fly_static elementor-widget elementor-widget-spacer\" data-id=\"f1c7c86\" data-element_type=\"widget\" data-widget_type=\"spacer.default\">\n\t\t\t\t<div class=\"elementor-widget-container\">\n\t\t\t\t\t\t\t<div class=\"elementor-spacer\">\n\t\t\t<div class=\"elementor-spacer-inner\"><\/div>\n\t\t<\/div>\n\t\t\t\t\t\t<\/div>\n\t\t\t\t<\/div>\n\t\t\t\t<section class=\"elementor-section-with-custom-width elementor-section elementor-inner-section elementor-element elementor-element-a36bd73 elementor-section-content-top elementor-section-boxed elementor-section-height-default elementor-section-height-default sc_fly_static\" data-id=\"a36bd73\" data-element_type=\"section\">\n\t\t\t\t\t\t<div class=\"elementor-container elementor-column-gap-no\">\n\t\t\t\t\t<div class=\"elementor-column elementor-col-50 elementor-inner-column elementor-element elementor-element-850d09a sc_content_align_inherit sc_layouts_column_icons_position_left sc_fly_static\" data-id=\"850d09a\" data-element_type=\"column\">\n\t\t\t<div class=\"elementor-widget-wrap elementor-element-populated\">\n\t\t\t\t\t\t<div class=\"elementor-element elementor-element-2ed5da1 sc_fly_static elementor-widget elementor-widget-trx_sc_title\" data-id=\"2ed5da1\" data-element_type=\"widget\" data-widget_type=\"trx_sc_title.default\">\n\t\t\t\t<div class=\"elementor-widget-container\">\n\t\t\t\t\t<div\t\tclass=\"sc_title sc_title_accent\" ><span class=\"sc_item_subtitle sc_title_subtitle sc_item_subtitle_above sc_item_title_style_accent\">Construcci\u00f3n, puesta en marcha O&M<\/span><h1 class=\"sc_item_title sc_title_title sc_item_title_style_accent sc_item_title_tag trx_addons_inline_1185223251\"\n\t\t\t><span class=\"sc_item_title_text\">\u00bfQu\u00e9 hacemos?<\/span><\/h1><\/div>\t\t\t\t<\/div>\n\t\t\t\t<\/div>\n\t\t\t\t<div class=\"elementor-element elementor-element-4378bdb sc_fly_static elementor-widget elementor-widget-text-editor\" data-id=\"4378bdb\" data-element_type=\"widget\" data-widget_type=\"text-editor.default\">\n\t\t\t\t<div class=\"elementor-widget-container\">\n\t\t\t\t\t\t\t\t\t<p>Acompa\u00f1amos su proyecto desde la construcci\u00f3n hasta la operaci\u00f3n eficiente. Gestionamos obras, contratistas, costos, calidad, HSE y puesta en marcha. En la fase operativa, optimizamos activos, mantenimiento y performance, asegurando continuidad operacional, eficiencia y cumplimiento de est\u00e1ndares internacionales.<\/p>\t\t\t\t\t\t\t\t<\/div>\n\t\t\t\t<\/div>\n\t\t\t\t\t<\/div>\n\t\t<\/div>\n\t\t\t\t<div class=\"elementor-column elementor-col-50 elementor-inner-column elementor-element elementor-element-14a9c37 sc_content_align_inherit sc_layouts_column_icons_position_left sc_fly_static\" data-id=\"14a9c37\" data-element_type=\"column\">\n\t\t\t<div class=\"elementor-widget-wrap\">\n\t\t\t\t\t\t\t<\/div>\n\t\t<\/div>\n\t\t\t\t\t<\/div>\n\t\t<\/section>\n\t\t\t\t<div class=\"elementor-element elementor-element-e9d0a00 sc_fly_static elementor-widget elementor-widget-spacer\" data-id=\"e9d0a00\" data-element_type=\"widget\" data-widget_type=\"spacer.default\">\n\t\t\t\t<div class=\"elementor-widget-container\">\n\t\t\t\t\t\t\t<div class=\"elementor-spacer\">\n\t\t\t<div class=\"elementor-spacer-inner\"><\/div>\n\t\t<\/div>\n\t\t\t\t\t\t<\/div>\n\t\t\t\t<\/div>\n\t\t\t\t<div class=\"elementor-element elementor-element-3a724fd sc_layouts_hide_on_tablet sc_layouts_hide_on_mobile sc_fly_static elementor-widget elementor-widget-spacer\" data-id=\"3a724fd\" data-element_type=\"widget\" data-widget_type=\"spacer.default\">\n\t\t\t\t<div class=\"elementor-widget-container\">\n\t\t\t\t\t\t\t<div class=\"elementor-spacer\">\n\t\t\t<div class=\"elementor-spacer-inner\"><\/div>\n\t\t<\/div>\n\t\t\t\t\t\t<\/div>\n\t\t\t\t<\/div>\n\t\t\t\t<div class=\"elementor-element elementor-element-4a61bfc sc_fly_static elementor-widget elementor-widget-trx_sc_icons\" data-id=\"4a61bfc\" data-element_type=\"widget\" data-widget_type=\"trx_sc_icons.default\">\n\t\t\t\t<div class=\"elementor-widget-container\">\n\t\t\t\t\t<div \tclass=\"sc_icons sc_icons_decoration sc_icons_size_medium sc_align_left\" ><div class=\"sc_icons_columns_wrap sc_item_columns trx_addons_columns_wrap columns_padding_bottom columns_in_single_row\" ><div class=\"trx_addons_column-1_3 trx_addons_column-1_2-tablet\"><div class=\"sc_icons_item\"><div class=\"sc_icons_icon sc_icon_type_ trx_addons_icon-cogs-1\" ><span class=\"sc_icon_type_ trx_addons_icon-cogs-1\"><\/span><\/div><div class=\"sc_icons_item_details\"><h4 class=\"sc_icons_item_title\"><span>Servicios para la Fase de Construcci\u00f3n y Puesta en Marcha <\/span><\/h4><div class=\"sc_icons_item_description\"><span><ol><\/span><span>  <li>Gesti\u00f3n Integral de Proyectos de Construcci\u00f3n <\/li><\/span><span>  <li>Planificaci\u00f3n y Control de Proyectos Desarrollo de cronogramas detallados (Primavera P6, MS Project) y estructuras de desglose de trabajo (EDT\/WBS)<\/li><\/span><span>  <li>Gesti\u00f3n de Seguridad, Salud y Medio Ambiente (HSE) <\/li><\/span><span><li>Gesti\u00f3n de Calidad y Comisionamiento <\/li><\/span><span><li>Gesti\u00f3n de la Cadena de Suministro y Log\u00edstica Planificaci\u00f3n log\u00edstica para equipos cr\u00edticos (ej. turbinas e\u00f3licas, transformadores, m\u00f3dulos solares).  <\/li><\/span><span><\/ol><\/span><\/div><\/div><\/div><\/div><div class=\"trx_addons_column-1_3 trx_addons_column-1_2-tablet\"><div class=\"sc_icons_item\"><div class=\"sc_icons_icon sc_icon_type_ icon-refresh-2\" ><span class=\"sc_icon_type_ icon-refresh-2\"><\/span><\/div><div class=\"sc_icons_item_details\"><h4 class=\"sc_icons_item_title\"><span>Servicios para la Fase de Operaci\u00f3n y Mantenimiento (O&amp;M) <\/span><\/h4><div class=\"sc_icons_item_description\"><span><ol><\/span><span>  <li>Transici\u00f3n de Proyecto a Operaciones (PtO) <\/span><span> <\/li><\/span><span>  <li>Optimizaci\u00f3n de la Gesti\u00f3n de Activos F\u00edsicos<\/li><\/span><span>  <li>Mejora de la Eficiencia Operacional An\u00e1lisis de rendimiento de activos (OEE - Overall Equipment Effectiveness, factor de capacidad en renovables)<\/li><\/span><span><li>Desarrollo e Implementaci\u00f3n de Sistemas de Gesti\u00f3n Dise\u00f1o e implementaci\u00f3n de Sistemas de Gesti\u00f3n de Mantenimiento (CMMS\/EAM)<\/li><\/span><span><li>Auditor\u00edas y Due Diligence T\u00e9cnica Auditor\u00edas independientes de desempe\u00f1o para plantas en operaci\u00f3n.<\/li><\/span><span><\/ol><\/span><\/div><\/div><\/div><\/div><div class=\"trx_addons_column-1_3 trx_addons_column-1_2-tablet\"><div class=\"sc_icons_item\"><div class=\"sc_icons_icon sc_icon_type_ icon-cw\" ><span class=\"sc_icon_type_ icon-cw\"><\/span><\/div><div class=\"sc_icons_item_details\"><h4 class=\"sc_icons_item_title\"><span>Servicios Especializados por Industria<\/span><\/h4><div class=\"sc_icons_item_description\"><span><ol><\/span><span>  <li>Energ\u00edas Renovables (Solar, E\u00f3lica, BESS)<\/li><\/span><span>  <li>Oil & Gas y Miner\u00eda <\/li><\/span><span>  <li>Transmisi\u00f3n El\u00e9ctrica y Termoel\u00e9ctrica <\/li><\/span><span><\/ol><\/span><\/div><\/div><\/div><\/div><\/div><\/div><!-- \/.sc_icons -->\t\t\t\t<\/div>\n\t\t\t\t<\/div>\n\t\t\t\t<div class=\"elementor-element elementor-element-0c5e741 sc_height_small sc_fly_static elementor-widget elementor-widget-spacer\" data-id=\"0c5e741\" data-element_type=\"widget\" data-widget_type=\"spacer.default\">\n\t\t\t\t<div class=\"elementor-widget-container\">\n\t\t\t\t\t\t\t<div class=\"elementor-spacer\">\n\t\t\t<div class=\"elementor-spacer-inner\"><\/div>\n\t\t<\/div>\n\t\t\t\t\t\t<\/div>\n\t\t\t\t<\/div>\n\t\t\t\t<div class=\"elementor-element elementor-element-48dc76e sc_layouts_hide_on_tablet sc_layouts_hide_on_mobile sc_height_small sc_fly_static elementor-widget elementor-widget-spacer\" data-id=\"48dc76e\" data-element_type=\"widget\" data-widget_type=\"spacer.default\">\n\t\t\t\t<div class=\"elementor-widget-container\">\n\t\t\t\t\t\t\t<div class=\"elementor-spacer\">\n\t\t\t<div class=\"elementor-spacer-inner\"><\/div>\n\t\t<\/div>\n\t\t\t\t\t\t<\/div>\n\t\t\t\t<\/div>\n\t\t\t\t\t<\/div>\n\t\t<\/div>\n\t\t\t\t\t<\/div>\n\t\t<\/section>\n\t\t\t\t<\/div>\n\t\t","protected":false},"excerpt":{"rendered":"<p>Construcci\u00f3n, puesta en marcha O&#038;M \u00bfQu\u00e9 hacemos? Acompa\u00f1amos su proyecto desde la construcci\u00f3n hasta la operaci\u00f3n eficiente. Gestionamos obras, contratistas, costos, calidad, HSE y puesta en marcha. En la fase&hellip;<\/p>\n","protected":false},"author":1,"featured_media":0,"parent":0,"menu_order":0,"comment_status":"closed","ping_status":"closed","template":"","meta":{"footnotes":""},"class_list":["post-24488","page","type-page","status-publish","hentry"],"_links":{"self":[{"href":"http:\/\/www.calimera.cl\/renovable\/wp-json\/wp\/v2\/pages\/24488","targetHints":{"allow":["GET"]}}],"collection":[{"href":"http:\/\/www.calimera.cl\/renovable\/wp-json\/wp\/v2\/pages"}],"about":[{"href":"http:\/\/www.calimera.cl\/renovable\/wp-json\/wp\/v2\/types\/page"}],"author":[{"embeddable":true,"href":"http:\/\/www.calimera.cl\/renovable\/wp-json\/wp\/v2\/users\/1"}],"replies":[{"embeddable":true,"href":"http:\/\/www.calimera.cl\/renovable\/wp-json\/wp\/v2\/comments?post=24488"}],"version-history":[{"count":24,"href":"http:\/\/www.calimera.cl\/renovable\/wp-json\/wp\/v2\/pages\/24488\/revisions"}],"predecessor-version":[{"id":25006,"href":"http:\/\/www.calimera.cl\/renovable\/wp-json\/wp\/v2\/pages\/24488\/revisions\/25006"}],"wp:attachment":[{"href":"http:\/\/www.calimera.cl\/renovable\/wp-json\/wp\/v2\/media?parent=24488"}],"curies":[{"name":"wp","href":"https:\/\/api.w.org\/{rel}","templated":true}]}}